{"id":128,"date":"2019-05-08T06:54:06","date_gmt":"2019-05-08T04:54:06","guid":{"rendered":"http:\/\/hotelhouse.cz\/?page_id=128"},"modified":"2022-01-29T02:11:00","modified_gmt":"2022-01-29T01:11:00","slug":"kontakt","status":"publish","type":"page","link":"https:\/\/hotelhouse.cz\/index.php\/kontakt\/","title":{"rendered":"Kontakt"},"content":{"rendered":"\n<div style=\"height:41px\" aria-hidden=\"true\" class=\"wp-block-spacer\"><\/div>\n\n\n\n<p><strong>HOUSE Media Group s.r.o. (HMG)<\/strong><\/p>\n\n\n\n<p>Rybn\u00e1 716\/24<\/p>\n\n\n\n<p>Praha 1 \u2013 Star\u00e9 M\u011bsto, 110 00<\/p>\n\n\n\n<p>Doru\u010dovac\u00ed adresa na redakci v odkazu<strong>\u00a0ZDE<\/strong>.<\/p>\n\n\n\n<div style=\"height:30px\" aria-hidden=\"true\" class=\"wp-block-spacer\"><\/div>\n\n\n\n<p><strong>Obchodn\u00ed a marketingov\u00e9 odd\u011blen\u00ed<\/strong><\/p>\n\n\n\n<p><strong>Tel.:<\/strong>&nbsp;+420&nbsp;<strong>608 225 180<\/strong><\/p>\n\n\n\n<p><strong>E-mail:<\/strong>\u00a0obchod @ hmg.cz<\/p>\n\n\n\n<div style=\"height:20px\" aria-hidden=\"true\" class=\"wp-block-spacer\"><\/div>\n\n\n\n<p><strong>Redakce a veden\u00ed<\/strong><\/p>\n\n\n\n<p><strong>Tel.:<\/strong>&nbsp;+420<strong>&nbsp;774 827 590<\/strong><\/p>\n\n\n\n<p><strong>E-mail:<\/strong>\u00a0sefredaktor @ hmg.cz<\/p>\n\n\n\n<div style=\"height:100px\" aria-hidden=\"true\" class=\"wp-block-spacer\"><\/div>\n","protected":false},"excerpt":{"rendered":"<p>HOUSE Media Group s.r.o. (HMG) Rybn\u00e1 716\/24 Praha 1 \u2013 Star\u00e9 M\u011bsto, 110 00 Doru\u010dovac\u00ed adresa na redakci v odkazu\u00a0ZDE. Obchodn\u00ed a marketingov\u00e9 odd\u011blen\u00ed Tel.:&nbsp;+420&nbsp;608 225 180 E-mail:\u00a0obchod @ hmg.cz Redakce a veden\u00ed Tel.:&nbsp;+420&nbsp;774&#46;&#46;&#46;<\/p>\n","protected":false},"author":1,"featured_media":0,"parent":0,"menu_order":0,"comment_status":"closed","ping_status":"closed","template":"","meta":{"_monsterinsights_skip_tracking":false,"_monsterinsights_sitenote_active":false,"_monsterinsights_sitenote_note":"","_monsterinsights_sitenote_category":0,"footnotes":""},"yoast_head":"<!-- This site is optimized with the Yoast SEO plugin v21.5 - https:\/\/yoast.com\/wordpress\/plugins\/seo\/ -->\n<title>Kontakt - HOTELHOUSE.cz<\/title>\n<meta name=\"robots\" content=\"index, follow, max-snippet:-1, max-image-preview:large, max-video-preview:-1\" \/>\n<link rel=\"canonical\" href=\"https:\/\/hotelhouse.cz\/index.php\/kontakt\/\" \/>\n<meta property=\"og:locale\" content=\"cs_CZ\" \/>\n<meta property=\"og:type\" content=\"article\" \/>\n<meta property=\"og:title\" content=\"Kontakt - HOTELHOUSE.cz\" \/>\n<meta property=\"og:description\" content=\"HOUSE Media Group s.r.o. (HMG) Rybn\u00e1 716\/24 Praha 1 \u2013 Star\u00e9 M\u011bsto, 110 00 Doru\u010dovac\u00ed adresa na redakci v odkazu\u00a0ZDE. Obchodn\u00ed a marketingov\u00e9 odd\u011blen\u00ed Tel.:&nbsp;+420&nbsp;608 225 180 E-mail:\u00a0obchod @ hmg.cz Redakce a veden\u00ed Tel.:&nbsp;+420&nbsp;774&#046;&#046;&#046;\" \/>\n<meta property=\"og:url\" content=\"https:\/\/hotelhouse.cz\/index.php\/kontakt\/\" \/>\n<meta property=\"og:site_name\" content=\"HOTELHOUSE.cz\" \/>\n<meta property=\"article:modified_time\" content=\"2022-01-29T01:11:00+00:00\" \/>\n<meta name=\"twitter:card\" content=\"summary_large_image\" \/>\n<script type=\"application\/ld+json\" class=\"yoast-schema-graph\">{\"@context\":\"https:\/\/schema.org\",\"@graph\":[{\"@type\":\"WebPage\",\"@id\":\"https:\/\/hotelhouse.cz\/index.php\/kontakt\/\",\"url\":\"https:\/\/hotelhouse.cz\/index.php\/kontakt\/\",\"name\":\"Kontakt - HOTELHOUSE.cz\",\"isPartOf\":{\"@id\":\"https:\/\/hotelhouse.cz\/#website\"},\"datePublished\":\"2019-05-08T04:54:06+00:00\",\"dateModified\":\"2022-01-29T01:11:00+00:00\",\"breadcrumb\":{\"@id\":\"https:\/\/hotelhouse.cz\/index.php\/kontakt\/#breadcrumb\"},\"inLanguage\":\"cs\",\"potentialAction\":[{\"@type\":\"ReadAction\",\"target\":[\"https:\/\/hotelhouse.cz\/index.php\/kontakt\/\"]}]},{\"@type\":\"BreadcrumbList\",\"@id\":\"https:\/\/hotelhouse.cz\/index.php\/kontakt\/#breadcrumb\",\"itemListElement\":[{\"@type\":\"ListItem\",\"position\":1,\"name\":\"Dom\u016f\",\"item\":\"https:\/\/hotelhouse.cz\/\"},{\"@type\":\"ListItem\",\"position\":2,\"name\":\"Kontakt\"}]},{\"@type\":\"WebSite\",\"@id\":\"https:\/\/hotelhouse.cz\/#website\",\"url\":\"https:\/\/hotelhouse.cz\/\",\"name\":\"HOTELHOUSE.cz\",\"description\":\"Port\u00e1l o hotelech, pensionech, spa resortech a restaurac\u00edch...\",\"publisher\":{\"@id\":\"https:\/\/hotelhouse.cz\/#organization\"},\"potentialAction\":[{\"@type\":\"SearchAction\",\"target\":{\"@type\":\"EntryPoint\",\"urlTemplate\":\"https:\/\/hotelhouse.cz\/?s={search_term_string}\"},\"query-input\":\"required name=search_term_string\"}],\"inLanguage\":\"cs\"},{\"@type\":\"Organization\",\"@id\":\"https:\/\/hotelhouse.cz\/#organization\",\"name\":\"HOTELHOUSE.cz\",\"url\":\"https:\/\/hotelhouse.cz\/\",\"logo\":{\"@type\":\"ImageObject\",\"inLanguage\":\"cs\",\"@id\":\"https:\/\/hotelhouse.cz\/#\/schema\/logo\/image\/\",\"url\":\"https:\/\/hotelhouse.cz\/wp-content\/uploads\/2024\/12\/cropped-Logo_HotelHouse-2.jpg\",\"contentUrl\":\"https:\/\/hotelhouse.cz\/wp-content\/uploads\/2024\/12\/cropped-Logo_HotelHouse-2.jpg\",\"width\":933,\"height\":516,\"caption\":\"HOTELHOUSE.cz\"},\"image\":{\"@id\":\"https:\/\/hotelhouse.cz\/#\/schema\/logo\/image\/\"},\"sameAs\":[\"https:\/\/www.instagram.com\/hotelhousecz\/\"]}]}<\/script>\n<!-- \/ Yoast SEO plugin. -->","yoast_head_json":{"title":"Kontakt - HOTELHOUSE.cz","robots":{"index":"index","follow":"follow","max-snippet":"max-snippet:-1","max-image-preview":"max-image-preview:large","max-video-preview":"max-video-preview:-1"},"canonical":"https:\/\/hotelhouse.cz\/index.php\/kontakt\/","og_locale":"cs_CZ","og_type":"article","og_title":"Kontakt - HOTELHOUSE.cz","og_description":"HOUSE Media Group s.r.o. (HMG) Rybn\u00e1 716\/24 Praha 1 \u2013 Star\u00e9 M\u011bsto, 110 00 Doru\u010dovac\u00ed adresa na redakci v odkazu\u00a0ZDE. Obchodn\u00ed a marketingov\u00e9 odd\u011blen\u00ed Tel.:&nbsp;+420&nbsp;608 225 180 E-mail:\u00a0obchod @ hmg.cz Redakce a veden\u00ed Tel.:&nbsp;+420&nbsp;774&#46;&#46;&#46;","og_url":"https:\/\/hotelhouse.cz\/index.php\/kontakt\/","og_site_name":"HOTELHOUSE.cz","article_modified_time":"2022-01-29T01:11:00+00:00","twitter_card":"summary_large_image","schema":{"@context":"https:\/\/schema.org","@graph":[{"@type":"WebPage","@id":"https:\/\/hotelhouse.cz\/index.php\/kontakt\/","url":"https:\/\/hotelhouse.cz\/index.php\/kontakt\/","name":"Kontakt - HOTELHOUSE.cz","isPartOf":{"@id":"https:\/\/hotelhouse.cz\/#website"},"datePublished":"2019-05-08T04:54:06+00:00","dateModified":"2022-01-29T01:11:00+00:00","breadcrumb":{"@id":"https:\/\/hotelhouse.cz\/index.php\/kontakt\/#breadcrumb"},"inLanguage":"cs","potentialAction":[{"@type":"ReadAction","target":["https:\/\/hotelhouse.cz\/index.php\/kontakt\/"]}]},{"@type":"BreadcrumbList","@id":"https:\/\/hotelhouse.cz\/index.php\/kontakt\/#breadcrumb","itemListElement":[{"@type":"ListItem","position":1,"name":"Dom\u016f","item":"https:\/\/hotelhouse.cz\/"},{"@type":"ListItem","position":2,"name":"Kontakt"}]},{"@type":"WebSite","@id":"https:\/\/hotelhouse.cz\/#website","url":"https:\/\/hotelhouse.cz\/","name":"HOTELHOUSE.cz","description":"Port\u00e1l o hotelech, pensionech, spa resortech a restaurac\u00edch...","publisher":{"@id":"https:\/\/hotelhouse.cz\/#organization"},"potentialAction":[{"@type":"SearchAction","target":{"@type":"EntryPoint","urlTemplate":"https:\/\/hotelhouse.cz\/?s={search_term_string}"},"query-input":"required name=search_term_string"}],"inLanguage":"cs"},{"@type":"Organization","@id":"https:\/\/hotelhouse.cz\/#organization","name":"HOTELHOUSE.cz","url":"https:\/\/hotelhouse.cz\/","logo":{"@type":"ImageObject","inLanguage":"cs","@id":"https:\/\/hotelhouse.cz\/#\/schema\/logo\/image\/","url":"https:\/\/hotelhouse.cz\/wp-content\/uploads\/2024\/12\/cropped-Logo_HotelHouse-2.jpg","contentUrl":"https:\/\/hotelhouse.cz\/wp-content\/uploads\/2024\/12\/cropped-Logo_HotelHouse-2.jpg","width":933,"height":516,"caption":"HOTELHOUSE.cz"},"image":{"@id":"https:\/\/hotelhouse.cz\/#\/schema\/logo\/image\/"},"sameAs":["https:\/\/www.instagram.com\/hotelhousecz\/"]}]}},"_links":{"self":[{"href":"https:\/\/hotelhouse.cz\/index.php\/wp-json\/wp\/v2\/pages\/128"}],"collection":[{"href":"https:\/\/hotelhouse.cz\/index.php\/wp-json\/wp\/v2\/pages"}],"about":[{"href":"https:\/\/hotelhouse.cz\/index.php\/wp-json\/wp\/v2\/types\/page"}],"author":[{"embeddable":true,"href":"https:\/\/hotelhouse.cz\/index.php\/wp-json\/wp\/v2\/users\/1"}],"replies":[{"embeddable":true,"href":"https:\/\/hotelhouse.cz\/index.php\/wp-json\/wp\/v2\/comments?post=128"}],"version-history":[{"count":2,"href":"https:\/\/hotelhouse.cz\/index.php\/wp-json\/wp\/v2\/pages\/128\/revisions"}],"predecessor-version":[{"id":2456,"href":"https:\/\/hotelhouse.cz\/index.php\/wp-json\/wp\/v2\/pages\/128\/revisions\/2456"}],"wp:attachment":[{"href":"https:\/\/hotelhouse.cz\/index.php\/wp-json\/wp\/v2\/media?parent=128"}],"curies":[{"name":"wp","href":"https:\/\/api.w.org\/{rel}","templated":true}]}}