{"id":132,"date":"2019-05-08T06:55:48","date_gmt":"2019-05-08T04:55:48","guid":{"rendered":"http:\/\/hotelhouse.cz\/?page_id=132"},"modified":"2022-01-29T02:08:11","modified_gmt":"2022-01-29T01:08:11","slug":"redakce","status":"publish","type":"page","link":"https:\/\/hotelhouse.cz\/index.php\/redakce\/","title":{"rendered":"Redakce"},"content":{"rendered":"\n<div style=\"height:38px\" aria-hidden=\"true\" class=\"wp-block-spacer\"><\/div>\n\n\n\n<p><strong>\u0160\u00e9fredaktor a \u0159editel :<\/strong><\/p>\n\n\n\n<p>Mikol\u00e1\u0161ek Ivo<\/p>\n\n\n\n<div style=\"height:20px\" aria-hidden=\"true\" class=\"wp-block-spacer\"><\/div>\n\n\n\n<p><strong>Z\u00e1stupce \u0161\u00e9fredaktora :<\/strong><\/p>\n\n\n\n<p>Mgr. Van\u011bk Miroslav<\/p>\n\n\n\n<div style=\"height:20px\" aria-hidden=\"true\" class=\"wp-block-spacer\"><\/div>\n\n\n\n<p><strong>Produk\u010dn\u00ed obchodn\u00edho odd\u011blen\u00ed :<\/strong><\/p>\n\n\n\n<p>Ol\u0161ansk\u00e1 Tereza<\/p>\n\n\n\n<div style=\"height:20px\" aria-hidden=\"true\" class=\"wp-block-spacer\"><\/div>\n\n\n\n<p><strong>Redakce :<\/strong><\/p>\n\n\n\n<p>Hol\u00e1\u0148ov\u00e1 Jolana<\/p>\n\n\n\n<p>Kub\u00edkov\u00e1 Petra<\/p>\n\n\n\n<p>Mgr. Van\u011bk Miroslav<\/p>\n\n\n\n<div style=\"height:20px\" aria-hidden=\"true\" class=\"wp-block-spacer\"><\/div>\n\n\n\n<p><strong>Fotograf a kameraman :<\/strong><\/p>\n\n\n\n<p>MENHOUSEMAN.cz<\/p>\n\n\n\n<div style=\"height:20px\" aria-hidden=\"true\" class=\"wp-block-spacer\"><\/div>\n\n\n\n<p><strong>Jazykov\u00e9 korektury :<\/strong><\/p>\n\n\n\n<p>Ing. Vladim\u00edra Krej\u010d\u00edkov\u00e1<\/p>\n\n\n\n<div style=\"height:20px\" aria-hidden=\"true\" class=\"wp-block-spacer\"><\/div>\n\n\n\n<p><strong>Pr\u00e1vn\u00ed odd\u011blen\u00ed HMG :<\/strong><\/p>\n\n\n\n<p>Mgr. Hudek Tom\u00e1\u0161<\/p>\n\n\n\n<div style=\"height:100px\" aria-hidden=\"true\" class=\"wp-block-spacer\"><\/div>\n","protected":false},"excerpt":{"rendered":"<p>\u0160\u00e9fredaktor a \u0159editel : Mikol\u00e1\u0161ek Ivo Z\u00e1stupce \u0161\u00e9fredaktora : Mgr. Van\u011bk Miroslav Produk\u010dn\u00ed obchodn\u00edho odd\u011blen\u00ed : Ol\u0161ansk\u00e1 Tereza Redakce : Hol\u00e1\u0148ov\u00e1 Jolana Kub\u00edkov\u00e1 Petra Mgr. Van\u011bk Miroslav Fotograf a kameraman : MENHOUSEMAN.cz Jazykov\u00e9 korektury&#46;&#46;&#46;<\/p>\n","protected":false},"author":1,"featured_media":0,"parent":0,"menu_order":0,"comment_status":"closed","ping_status":"closed","template":"","meta":{"_monsterinsights_skip_tracking":false,"_monsterinsights_sitenote_active":false,"_monsterinsights_sitenote_note":"","_monsterinsights_sitenote_category":0,"footnotes":""},"yoast_head":"<!-- This site is optimized with the Yoast SEO plugin v21.5 - https:\/\/yoast.com\/wordpress\/plugins\/seo\/ -->\n<title>Redakce - HOTELHOUSE.cz<\/title>\n<meta name=\"robots\" content=\"index, follow, max-snippet:-1, max-image-preview:large, max-video-preview:-1\" \/>\n<link rel=\"canonical\" href=\"https:\/\/hotelhouse.cz\/index.php\/redakce\/\" \/>\n<meta property=\"og:locale\" content=\"cs_CZ\" \/>\n<meta property=\"og:type\" content=\"article\" \/>\n<meta property=\"og:title\" content=\"Redakce - HOTELHOUSE.cz\" \/>\n<meta property=\"og:description\" content=\"\u0160\u00e9fredaktor a \u0159editel : Mikol\u00e1\u0161ek Ivo Z\u00e1stupce \u0161\u00e9fredaktora : Mgr. Van\u011bk Miroslav Produk\u010dn\u00ed obchodn\u00edho odd\u011blen\u00ed : Ol\u0161ansk\u00e1 Tereza Redakce : Hol\u00e1\u0148ov\u00e1 Jolana Kub\u00edkov\u00e1 Petra Mgr. Van\u011bk Miroslav Fotograf a kameraman : MENHOUSEMAN.cz Jazykov\u00e9 korektury&#046;&#046;&#046;\" \/>\n<meta property=\"og:url\" content=\"https:\/\/hotelhouse.cz\/index.php\/redakce\/\" \/>\n<meta property=\"og:site_name\" content=\"HOTELHOUSE.cz\" \/>\n<meta property=\"article:modified_time\" content=\"2022-01-29T01:08:11+00:00\" \/>\n<meta name=\"twitter:card\" content=\"summary_large_image\" \/>\n<script type=\"application\/ld+json\" class=\"yoast-schema-graph\">{\"@context\":\"https:\/\/schema.org\",\"@graph\":[{\"@type\":\"WebPage\",\"@id\":\"https:\/\/hotelhouse.cz\/index.php\/redakce\/\",\"url\":\"https:\/\/hotelhouse.cz\/index.php\/redakce\/\",\"name\":\"Redakce - HOTELHOUSE.cz\",\"isPartOf\":{\"@id\":\"https:\/\/hotelhouse.cz\/#website\"},\"datePublished\":\"2019-05-08T04:55:48+00:00\",\"dateModified\":\"2022-01-29T01:08:11+00:00\",\"breadcrumb\":{\"@id\":\"https:\/\/hotelhouse.cz\/index.php\/redakce\/#breadcrumb\"},\"inLanguage\":\"cs\",\"potentialAction\":[{\"@type\":\"ReadAction\",\"target\":[\"https:\/\/hotelhouse.cz\/index.php\/redakce\/\"]}]},{\"@type\":\"BreadcrumbList\",\"@id\":\"https:\/\/hotelhouse.cz\/index.php\/redakce\/#breadcrumb\",\"itemListElement\":[{\"@type\":\"ListItem\",\"position\":1,\"name\":\"Dom\u016f\",\"item\":\"https:\/\/hotelhouse.cz\/\"},{\"@type\":\"ListItem\",\"position\":2,\"name\":\"Redakce\"}]},{\"@type\":\"WebSite\",\"@id\":\"https:\/\/hotelhouse.cz\/#website\",\"url\":\"https:\/\/hotelhouse.cz\/\",\"name\":\"HOTELHOUSE.cz\",\"description\":\"Port\u00e1l o hotelech, pensionech, spa resortech a restaurac\u00edch...\",\"publisher\":{\"@id\":\"https:\/\/hotelhouse.cz\/#organization\"},\"potentialAction\":[{\"@type\":\"SearchAction\",\"target\":{\"@type\":\"EntryPoint\",\"urlTemplate\":\"https:\/\/hotelhouse.cz\/?s={search_term_string}\"},\"query-input\":\"required name=search_term_string\"}],\"inLanguage\":\"cs\"},{\"@type\":\"Organization\",\"@id\":\"https:\/\/hotelhouse.cz\/#organization\",\"name\":\"HOTELHOUSE.cz\",\"url\":\"https:\/\/hotelhouse.cz\/\",\"logo\":{\"@type\":\"ImageObject\",\"inLanguage\":\"cs\",\"@id\":\"https:\/\/hotelhouse.cz\/#\/schema\/logo\/image\/\",\"url\":\"https:\/\/hotelhouse.cz\/wp-content\/uploads\/2024\/12\/cropped-Logo_HotelHouse-2.jpg\",\"contentUrl\":\"https:\/\/hotelhouse.cz\/wp-content\/uploads\/2024\/12\/cropped-Logo_HotelHouse-2.jpg\",\"width\":933,\"height\":516,\"caption\":\"HOTELHOUSE.cz\"},\"image\":{\"@id\":\"https:\/\/hotelhouse.cz\/#\/schema\/logo\/image\/\"},\"sameAs\":[\"https:\/\/www.instagram.com\/hotelhousecz\/\"]}]}<\/script>\n<!-- \/ Yoast SEO plugin. -->","yoast_head_json":{"title":"Redakce - HOTELHOUSE.cz","robots":{"index":"index","follow":"follow","max-snippet":"max-snippet:-1","max-image-preview":"max-image-preview:large","max-video-preview":"max-video-preview:-1"},"canonical":"https:\/\/hotelhouse.cz\/index.php\/redakce\/","og_locale":"cs_CZ","og_type":"article","og_title":"Redakce - HOTELHOUSE.cz","og_description":"\u0160\u00e9fredaktor a \u0159editel : Mikol\u00e1\u0161ek Ivo Z\u00e1stupce \u0161\u00e9fredaktora : Mgr. Van\u011bk Miroslav Produk\u010dn\u00ed obchodn\u00edho odd\u011blen\u00ed : Ol\u0161ansk\u00e1 Tereza Redakce : Hol\u00e1\u0148ov\u00e1 Jolana Kub\u00edkov\u00e1 Petra Mgr. Van\u011bk Miroslav Fotograf a kameraman : MENHOUSEMAN.cz Jazykov\u00e9 korektury&#46;&#46;&#46;","og_url":"https:\/\/hotelhouse.cz\/index.php\/redakce\/","og_site_name":"HOTELHOUSE.cz","article_modified_time":"2022-01-29T01:08:11+00:00","twitter_card":"summary_large_image","schema":{"@context":"https:\/\/schema.org","@graph":[{"@type":"WebPage","@id":"https:\/\/hotelhouse.cz\/index.php\/redakce\/","url":"https:\/\/hotelhouse.cz\/index.php\/redakce\/","name":"Redakce - HOTELHOUSE.cz","isPartOf":{"@id":"https:\/\/hotelhouse.cz\/#website"},"datePublished":"2019-05-08T04:55:48+00:00","dateModified":"2022-01-29T01:08:11+00:00","breadcrumb":{"@id":"https:\/\/hotelhouse.cz\/index.php\/redakce\/#breadcrumb"},"inLanguage":"cs","potentialAction":[{"@type":"ReadAction","target":["https:\/\/hotelhouse.cz\/index.php\/redakce\/"]}]},{"@type":"BreadcrumbList","@id":"https:\/\/hotelhouse.cz\/index.php\/redakce\/#breadcrumb","itemListElement":[{"@type":"ListItem","position":1,"name":"Dom\u016f","item":"https:\/\/hotelhouse.cz\/"},{"@type":"ListItem","position":2,"name":"Redakce"}]},{"@type":"WebSite","@id":"https:\/\/hotelhouse.cz\/#website","url":"https:\/\/hotelhouse.cz\/","name":"HOTELHOUSE.cz","description":"Port\u00e1l o hotelech, pensionech, spa resortech a restaurac\u00edch...","publisher":{"@id":"https:\/\/hotelhouse.cz\/#organization"},"potentialAction":[{"@type":"SearchAction","target":{"@type":"EntryPoint","urlTemplate":"https:\/\/hotelhouse.cz\/?s={search_term_string}"},"query-input":"required name=search_term_string"}],"inLanguage":"cs"},{"@type":"Organization","@id":"https:\/\/hotelhouse.cz\/#organization","name":"HOTELHOUSE.cz","url":"https:\/\/hotelhouse.cz\/","logo":{"@type":"ImageObject","inLanguage":"cs","@id":"https:\/\/hotelhouse.cz\/#\/schema\/logo\/image\/","url":"https:\/\/hotelhouse.cz\/wp-content\/uploads\/2024\/12\/cropped-Logo_HotelHouse-2.jpg","contentUrl":"https:\/\/hotelhouse.cz\/wp-content\/uploads\/2024\/12\/cropped-Logo_HotelHouse-2.jpg","width":933,"height":516,"caption":"HOTELHOUSE.cz"},"image":{"@id":"https:\/\/hotelhouse.cz\/#\/schema\/logo\/image\/"},"sameAs":["https:\/\/www.instagram.com\/hotelhousecz\/"]}]}},"_links":{"self":[{"href":"https:\/\/hotelhouse.cz\/index.php\/wp-json\/wp\/v2\/pages\/132"}],"collection":[{"href":"https:\/\/hotelhouse.cz\/index.php\/wp-json\/wp\/v2\/pages"}],"about":[{"href":"https:\/\/hotelhouse.cz\/index.php\/wp-json\/wp\/v2\/types\/page"}],"author":[{"embeddable":true,"href":"https:\/\/hotelhouse.cz\/index.php\/wp-json\/wp\/v2\/users\/1"}],"replies":[{"embeddable":true,"href":"https:\/\/hotelhouse.cz\/index.php\/wp-json\/wp\/v2\/comments?post=132"}],"version-history":[{"count":4,"href":"https:\/\/hotelhouse.cz\/index.php\/wp-json\/wp\/v2\/pages\/132\/revisions"}],"predecessor-version":[{"id":2454,"href":"https:\/\/hotelhouse.cz\/index.php\/wp-json\/wp\/v2\/pages\/132\/revisions\/2454"}],"wp:attachment":[{"href":"https:\/\/hotelhouse.cz\/index.php\/wp-json\/wp\/v2\/media?parent=132"}],"curies":[{"name":"wp","href":"https:\/\/api.w.org\/{rel}","templated":true}]}}